{"id":1485,"date":"2025-01-06T10:11:42","date_gmt":"2025-01-06T09:11:42","guid":{"rendered":"https:\/\/massagehammamagadir.com\/?page_id=1485"},"modified":"2025-12-18T14:25:08","modified_gmt":"2025-12-18T13:25:08","slug":"reservation-argan-phyto-house-agadir","status":"publish","type":"page","link":"https:\/\/massagehammamagadir.com\/en\/reservation-argan-phyto-house-agadir\/","title":{"rendered":"Reservation"},"content":{"rendered":"\t\t<div data-elementor-type=\"wp-page\" data-elementor-id=\"1485\" class=\"elementor elementor-1485\">\n\t\t\t\t\t\t<section class=\"elementor-section elementor-top-section elementor-element elementor-element-58433d8 elementor-reverse-mobile elementor-section-boxed elementor-section-height-default elementor-section-height-default\" data-id=\"58433d8\" data-element_type=\"section\" data-e-type=\"section\">\n\t\t\t\t\t\t<div class=\"elementor-container elementor-column-gap-default\">\n\t\t\t\t\t<div class=\"elementor-column elementor-col-50 elementor-top-column elementor-element elementor-element-70e467e\" data-id=\"70e467e\" data-element_type=\"column\" data-e-type=\"column\">\n\t\t\t<div class=\"elementor-widget-wrap elementor-element-populated\">\n\t\t\t\t\t\t<div class=\"elementor-element elementor-element-b0061fd elementor-widget elementor-widget-image\" data-id=\"b0061fd\" data-element_type=\"widget\" data-e-type=\"widget\" data-widget_type=\"image.default\">\n\t\t\t\t<div class=\"elementor-widget-container\">\n\t\t\t\t\t\t\t\t\t\t\t\t\t\t\t<img fetchpriority=\"high\" decoding=\"async\" width=\"343\" height=\"345\" src=\"https:\/\/massagehammamagadir.com\/wp-content\/uploads\/2023\/07\/booking.png\" class=\"attachment-large size-large wp-image-534\" alt=\"\" srcset=\"https:\/\/massagehammamagadir.com\/wp-content\/uploads\/2023\/07\/booking.png.webp 343w, https:\/\/massagehammamagadir.com\/wp-content\/uploads\/2023\/07\/booking-298x300.png.webp 298w, https:\/\/massagehammamagadir.com\/wp-content\/uploads\/2023\/07\/booking-150x150.png.webp 150w, https:\/\/massagehammamagadir.com\/wp-content\/uploads\/2023\/07\/booking-12x12.png.webp 12w\" sizes=\"(max-width: 343px) 100vw, 343px\" \/>\t\t\t\t\t\t\t\t\t\t\t\t\t\t\t<\/div>\n\t\t\t\t<\/div>\n\t\t\t\t\t<\/div>\n\t\t<\/div>\n\t\t\t\t<div class=\"elementor-column elementor-col-50 elementor-top-column elementor-element elementor-element-c881737\" data-id=\"c881737\" data-element_type=\"column\" data-e-type=\"column\">\n\t\t\t<div class=\"elementor-widget-wrap elementor-element-populated\">\n\t\t\t\t\t\t<div class=\"elementor-element elementor-element-045a065 elementor-widget elementor-widget-heading\" data-id=\"045a065\" data-element_type=\"widget\" data-e-type=\"widget\" data-widget_type=\"heading.default\">\n\t\t\t\t<div class=\"elementor-widget-container\">\n\t\t\t\t\t<p class=\"elementor-heading-title elementor-size-default\">ARGAN PHYTO HOUSE AGADIR<\/p>\t\t\t\t<\/div>\n\t\t\t\t<\/div>\n\t\t\t\t<div class=\"elementor-element elementor-element-724a6c0 elementor-widget__width-initial elementor-widget elementor-widget-heading\" data-id=\"724a6c0\" data-element_type=\"widget\" data-e-type=\"widget\" data-widget_type=\"heading.default\">\n\t\t\t\t<div class=\"elementor-widget-container\">\n\t\t\t\t\t<h2 class=\"elementor-heading-title elementor-size-default\">R\u00e9servation<\/h2>\t\t\t\t<\/div>\n\t\t\t\t<\/div>\n\t\t\t\t<div class=\"elementor-element elementor-element-9cd6704 normal-texte elementor-widget elementor-widget-text-editor\" data-id=\"9cd6704\" data-element_type=\"widget\" data-e-type=\"widget\" data-widget_type=\"text-editor.default\">\n\t\t\t\t<div class=\"elementor-widget-container\">\n\t\t\t\t\t\t\t\t\t<p>R\u00e9servez votre s\u00e9ance de hammam et massage \u00e0 Agadir en quelques clics.<\/p><p>Une exp\u00e9rience marocaine authentique, id\u00e9ale pour se d\u00e9tendre pendant votre s\u00e9jour.<\/p>\t\t\t\t\t\t\t\t<\/div>\n\t\t\t\t<\/div>\n\t\t\t\t\t<\/div>\n\t\t<\/div>\n\t\t\t\t\t<\/div>\n\t\t<\/section>\n\t\t\t\t<section class=\"elementor-section elementor-top-section elementor-element elementor-element-f79247a elementor-section-boxed elementor-section-height-default elementor-section-height-default\" data-id=\"f79247a\" data-element_type=\"section\" data-e-type=\"section\">\n\t\t\t\t\t\t<div class=\"elementor-container elementor-column-gap-default\">\n\t\t\t\t\t<div class=\"elementor-column elementor-col-100 elementor-top-column elementor-element elementor-element-bb6bc2e\" data-id=\"bb6bc2e\" data-element_type=\"column\" data-e-type=\"column\">\n\t\t\t<div class=\"elementor-widget-wrap elementor-element-populated\">\n\t\t\t\t\t\t<div class=\"elementor-element elementor-element-bf5bd98 elementor-widget elementor-widget-shortcode\" data-id=\"bf5bd98\" data-element_type=\"widget\" data-e-type=\"widget\" data-widget_type=\"shortcode.default\">\n\t\t\t\t<div class=\"elementor-widget-container\">\n\t\t\t\t\t\t\t<div class=\"elementor-shortcode\">\n<script>\n  if (typeof hasAmeliaEntitiesApiCall === 'undefined' && ('' === '' && '' !== '1')) {\n    var hasAmeliaEntitiesApiCall = true;\n  }\n  var ameliaShortcodeData = (typeof ameliaShortcodeData === 'undefined') ? [] : ameliaShortcodeData;\n  ameliaShortcodeData.push(\n    {\n      'hasApiCall': (typeof hasAmeliaEntitiesApiCall !== 'undefined') && hasAmeliaEntitiesApiCall,\n      'trigger': '',\n      'trigger_type': '',\n      'triggered_form': 'sbsNew',\n      'in_dialog': '',\n      'show': '',\n      'counter': '1000',\n      'category': '',\n      'service': '',\n      'employee': '',\n      'location': '',\n      'package': '',\n      'layout': '',\n    }\n  );\n\n  var ameliaShortcodeDataTriggered = (typeof ameliaShortcodeDataTriggered === 'undefined') ? [] : ameliaShortcodeDataTriggered;\n  if (ameliaShortcodeData[ameliaShortcodeData.length - 1].trigger !== '') {\n    if (ameliaShortcodeDataTriggered.filter(a => a.counter === ameliaShortcodeData[ameliaShortcodeData.length - 1].counter).length === 0) {\n      ameliaShortcodeDataTriggered.push(ameliaShortcodeData.pop());\n    } else {\n      ameliaShortcodeData.pop()\n    }\n  }\n  if (typeof hasAmeliaEntitiesApiCall !== 'undefined' && hasAmeliaEntitiesApiCall) {\n    hasAmeliaEntitiesApiCall = false;\n  }\n<\/script>\n\n<div\n  id=\"amelia-v2-booking-1000\"\n  class=\"amelia-v2-booking\"\n >\n    <step-form-wrapper><\/step-form-wrapper><\/div>\n<\/div>\n\t\t\t\t\t\t<\/div>\n\t\t\t\t<\/div>\n\t\t\t\t<div class=\"elementor-element elementor-element-bb52196 elementor-hidden-desktop elementor-hidden-tablet elementor-hidden-mobile elementor-widget elementor-widget-shortcode\" data-id=\"bb52196\" data-element_type=\"widget\" data-e-type=\"widget\" data-widget_type=\"shortcode.default\">\n\t\t\t\t<div class=\"elementor-widget-container\">\n\t\t\t\t\t\t\t<div class=\"elementor-shortcode\">\n<script>\n  if (typeof hasAmeliaAppointment === 'undefined') {\n    var hasAmeliaAppointment = true;\n  }\n  if (typeof hasAppointmentApiCall === 'undefined' && '' === '') {\n    var hasAppointmentApiCall = true;\n  }\n  var hasBookingShortcode = (typeof hasBookingShortcode === 'undefined') ? false : true;\n  var bookingEntitiesIds = (typeof bookingEntitiesIds === 'undefined') ? [] : bookingEntitiesIds;\n  bookingEntitiesIds.push(\n    {\n      'hasApiCall': (typeof hasAppointmentApiCall !== 'undefined') && hasAppointmentApiCall,\n      'trigger': '',\n      'show': '',\n      'counter': '0',\n      'category': '',\n      'service': '',\n      'employee': '',\n      'location': ''\n    }\n  );\n  var lazyBookingEntitiesIds = (typeof lazyBookingEntitiesIds === 'undefined') ? [] : lazyBookingEntitiesIds;\n  if (bookingEntitiesIds[bookingEntitiesIds.length - 1].trigger !== '') {\n    lazyBookingEntitiesIds.push(bookingEntitiesIds.pop());\n  }\n  if (typeof hasAppointmentApiCall !== 'undefined' && hasAppointmentApiCall) {\n    hasAppointmentApiCall = false;\n  }\n<\/script>\n\n<div id=\"amelia-app-booking0\" class=\"amelia-booking amelia-frontend amelia-app-booking\">\n  <booking id=\"amelia-step-booking0\"><\/booking>\n<\/div>\n<\/div>\n\t\t\t\t\t\t<\/div>\n\t\t\t\t<\/div>\n\t\t\t\t\t<\/div>\n\t\t<\/div>\n\t\t\t\t\t<\/div>\n\t\t<\/section>\n\t\t\t\t<\/div>\n\t\t","protected":false},"excerpt":{"rendered":"<p>ARGAN PHYTO HOUSE AGADIR R\u00e9servation R\u00e9servez votre s\u00e9ance de hammam et massage \u00e0 Agadir en quelques clics. Une exp\u00e9rience marocaine authentique, id\u00e9ale pour se d\u00e9tendre pendant votre s\u00e9jour.<\/p>","protected":false},"author":1,"featured_media":0,"parent":0,"menu_order":0,"comment_status":"closed","ping_status":"closed","template":"","meta":{"_acf_changed":false,"_kad_post_transparent":"","_kad_post_title":"hide","_kad_post_layout":"fullwidth","_kad_post_sidebar_id":"","_kad_post_content_style":"unboxed","_kad_post_vertical_padding":"hide","_kad_post_feature":"hide","_kad_post_feature_position":"","_kad_post_header":false,"_kad_post_footer":false,"footnotes":""},"class_list":["post-1485","page","type-page","status-publish","hentry"],"acf":[],"yoast_head":"<!-- This site is optimized with the Yoast SEO plugin v27.5 - https:\/\/yoast.com\/product\/yoast-seo-wordpress\/ -->\n<title>Reservation - Argan Phyto House Agadir : Massages Hammam pour H &amp; F \u00e0 Prix Imbattables<\/title>\n<meta name=\"robots\" content=\"index, follow, max-snippet:-1, max-image-preview:large, max-video-preview:-1\" \/>\n<link rel=\"canonical\" href=\"https:\/\/massagehammamagadir.com\/en\/reservation-argan-phyto-house-agadir\/\" \/>\n<meta property=\"og:locale\" content=\"en_US\" \/>\n<meta property=\"og:type\" content=\"article\" \/>\n<meta property=\"og:title\" content=\"Reservation - Argan Phyto House Agadir : Massages Hammam pour H &amp; F \u00e0 Prix Imbattables\" \/>\n<meta property=\"og:description\" content=\"ARGAN PHYTO HOUSE AGADIR R\u00e9servation R\u00e9servez votre s\u00e9ance de hammam et massage \u00e0 Agadir en quelques clics. Une exp\u00e9rience marocaine authentique, id\u00e9ale pour se d\u00e9tendre pendant votre s\u00e9jour.\" \/>\n<meta property=\"og:url\" content=\"https:\/\/massagehammamagadir.com\/en\/reservation-argan-phyto-house-agadir\/\" \/>\n<meta property=\"og:site_name\" content=\"Argan Phyto House Agadir : Massages Hammam pour H &amp; F \u00e0 Prix Imbattables\" \/>\n<meta property=\"article:publisher\" content=\"https:\/\/m.facebook.com\/p\/Argan-Phyto-House-100063697624607\" \/>\n<meta property=\"article:modified_time\" content=\"2025-12-18T13:25:08+00:00\" \/>\n<meta property=\"og:image\" content=\"https:\/\/massagehammamagadir.com\/wp-content\/uploads\/2023\/07\/booking.png\" \/>\n\t<meta property=\"og:image:width\" content=\"343\" \/>\n\t<meta property=\"og:image:height\" content=\"345\" \/>\n\t<meta property=\"og:image:type\" content=\"image\/png\" \/>\n<meta name=\"twitter:card\" content=\"summary_large_image\" \/>\n<meta name=\"twitter:label1\" content=\"Est. reading time\" \/>\n\t<meta name=\"twitter:data1\" content=\"1 minute\" \/>\n<script type=\"application\/ld+json\" class=\"yoast-schema-graph\">{\"@context\":\"https:\\\/\\\/schema.org\",\"@graph\":[{\"@type\":\"WebPage\",\"@id\":\"https:\\\/\\\/massagehammamagadir.com\\\/reservation-argan-phyto-house-agadir\\\/\",\"url\":\"https:\\\/\\\/massagehammamagadir.com\\\/reservation-argan-phyto-house-agadir\\\/\",\"name\":\"Reservation - Argan Phyto House Agadir : Massages Hammam pour H &amp; F \u00e0 Prix Imbattables\",\"isPartOf\":{\"@id\":\"https:\\\/\\\/massagehammamagadir.com\\\/#website\"},\"primaryImageOfPage\":{\"@id\":\"https:\\\/\\\/massagehammamagadir.com\\\/reservation-argan-phyto-house-agadir\\\/#primaryimage\"},\"image\":{\"@id\":\"https:\\\/\\\/massagehammamagadir.com\\\/reservation-argan-phyto-house-agadir\\\/#primaryimage\"},\"thumbnailUrl\":\"https:\\\/\\\/massagehammamagadir.com\\\/wp-content\\\/uploads\\\/2023\\\/07\\\/booking.png\",\"datePublished\":\"2025-01-06T09:11:42+00:00\",\"dateModified\":\"2025-12-18T13:25:08+00:00\",\"breadcrumb\":{\"@id\":\"https:\\\/\\\/massagehammamagadir.com\\\/reservation-argan-phyto-house-agadir\\\/#breadcrumb\"},\"inLanguage\":\"en-US\",\"potentialAction\":[{\"@type\":\"ReadAction\",\"target\":[\"https:\\\/\\\/massagehammamagadir.com\\\/reservation-argan-phyto-house-agadir\\\/\"]}]},{\"@type\":\"ImageObject\",\"inLanguage\":\"en-US\",\"@id\":\"https:\\\/\\\/massagehammamagadir.com\\\/reservation-argan-phyto-house-agadir\\\/#primaryimage\",\"url\":\"https:\\\/\\\/massagehammamagadir.com\\\/wp-content\\\/uploads\\\/2023\\\/07\\\/booking.png\",\"contentUrl\":\"https:\\\/\\\/massagehammamagadir.com\\\/wp-content\\\/uploads\\\/2023\\\/07\\\/booking.png\"},{\"@type\":\"BreadcrumbList\",\"@id\":\"https:\\\/\\\/massagehammamagadir.com\\\/reservation-argan-phyto-house-agadir\\\/#breadcrumb\",\"itemListElement\":[{\"@type\":\"ListItem\",\"position\":1,\"name\":\"Home\",\"item\":\"https:\\\/\\\/massagehammamagadir.com\\\/\"},{\"@type\":\"ListItem\",\"position\":2,\"name\":\"Reservation\"}]},{\"@type\":\"WebSite\",\"@id\":\"https:\\\/\\\/massagehammamagadir.com\\\/#website\",\"url\":\"https:\\\/\\\/massagehammamagadir.com\\\/\",\"name\":\"Argan Phyto House\",\"description\":\"Massage, Hammam, Beauty\",\"publisher\":{\"@id\":\"https:\\\/\\\/massagehammamagadir.com\\\/#organization\"},\"potentialAction\":[{\"@type\":\"SearchAction\",\"target\":{\"@type\":\"EntryPoint\",\"urlTemplate\":\"https:\\\/\\\/massagehammamagadir.com\\\/?s={search_term_string}\"},\"query-input\":{\"@type\":\"PropertyValueSpecification\",\"valueRequired\":true,\"valueName\":\"search_term_string\"}}],\"inLanguage\":\"en-US\"},{\"@type\":\"Organization\",\"@id\":\"https:\\\/\\\/massagehammamagadir.com\\\/#organization\",\"name\":\"Argan Phyto House\",\"url\":\"https:\\\/\\\/massagehammamagadir.com\\\/\",\"logo\":{\"@type\":\"ImageObject\",\"inLanguage\":\"en-US\",\"@id\":\"https:\\\/\\\/massagehammamagadir.com\\\/#\\\/schema\\\/logo\\\/image\\\/\",\"url\":\"https:\\\/\\\/massagehammamagadir.com\\\/wp-content\\\/uploads\\\/2023\\\/06\\\/logo-text.png\",\"contentUrl\":\"https:\\\/\\\/massagehammamagadir.com\\\/wp-content\\\/uploads\\\/2023\\\/06\\\/logo-text.png\",\"width\":191,\"height\":119,\"caption\":\"Argan Phyto House\"},\"image\":{\"@id\":\"https:\\\/\\\/massagehammamagadir.com\\\/#\\\/schema\\\/logo\\\/image\\\/\"},\"sameAs\":[\"https:\\\/\\\/m.facebook.com\\\/p\\\/Argan-Phyto-House-100063697624607\",\"https:\\\/\\\/www.instagram.com\\\/arganphytohouse\\\/\",\"https:\\\/\\\/www.youtube.com\\\/watch?v=UBJHpLtJcho\"]}]}<\/script>\n<!-- \/ Yoast SEO plugin. -->","yoast_head_json":{"title":"Reservation - Argan Phyto House Agadir : Massages Hammam pour H &amp; F \u00e0 Prix Imbattables","robots":{"index":"index","follow":"follow","max-snippet":"max-snippet:-1","max-image-preview":"max-image-preview:large","max-video-preview":"max-video-preview:-1"},"canonical":"https:\/\/massagehammamagadir.com\/en\/reservation-argan-phyto-house-agadir\/","og_locale":"en_US","og_type":"article","og_title":"Reservation - Argan Phyto House Agadir : Massages Hammam pour H &amp; F \u00e0 Prix Imbattables","og_description":"ARGAN PHYTO HOUSE AGADIR R\u00e9servation R\u00e9servez votre s\u00e9ance de hammam et massage \u00e0 Agadir en quelques clics. Une exp\u00e9rience marocaine authentique, id\u00e9ale pour se d\u00e9tendre pendant votre s\u00e9jour.","og_url":"https:\/\/massagehammamagadir.com\/en\/reservation-argan-phyto-house-agadir\/","og_site_name":"Argan Phyto House Agadir : Massages Hammam pour H &amp; F \u00e0 Prix Imbattables","article_publisher":"https:\/\/m.facebook.com\/p\/Argan-Phyto-House-100063697624607","article_modified_time":"2025-12-18T13:25:08+00:00","og_image":[{"width":343,"height":345,"url":"https:\/\/massagehammamagadir.com\/wp-content\/uploads\/2023\/07\/booking.png","type":"image\/png"}],"twitter_card":"summary_large_image","twitter_misc":{"Est. reading time":"1 minute"},"schema":{"@context":"https:\/\/schema.org","@graph":[{"@type":"WebPage","@id":"https:\/\/massagehammamagadir.com\/reservation-argan-phyto-house-agadir\/","url":"https:\/\/massagehammamagadir.com\/reservation-argan-phyto-house-agadir\/","name":"Reservation - Argan Phyto House Agadir : Massages Hammam pour H &amp; F \u00e0 Prix Imbattables","isPartOf":{"@id":"https:\/\/massagehammamagadir.com\/#website"},"primaryImageOfPage":{"@id":"https:\/\/massagehammamagadir.com\/reservation-argan-phyto-house-agadir\/#primaryimage"},"image":{"@id":"https:\/\/massagehammamagadir.com\/reservation-argan-phyto-house-agadir\/#primaryimage"},"thumbnailUrl":"https:\/\/massagehammamagadir.com\/wp-content\/uploads\/2023\/07\/booking.png","datePublished":"2025-01-06T09:11:42+00:00","dateModified":"2025-12-18T13:25:08+00:00","breadcrumb":{"@id":"https:\/\/massagehammamagadir.com\/reservation-argan-phyto-house-agadir\/#breadcrumb"},"inLanguage":"en-US","potentialAction":[{"@type":"ReadAction","target":["https:\/\/massagehammamagadir.com\/reservation-argan-phyto-house-agadir\/"]}]},{"@type":"ImageObject","inLanguage":"en-US","@id":"https:\/\/massagehammamagadir.com\/reservation-argan-phyto-house-agadir\/#primaryimage","url":"https:\/\/massagehammamagadir.com\/wp-content\/uploads\/2023\/07\/booking.png","contentUrl":"https:\/\/massagehammamagadir.com\/wp-content\/uploads\/2023\/07\/booking.png"},{"@type":"BreadcrumbList","@id":"https:\/\/massagehammamagadir.com\/reservation-argan-phyto-house-agadir\/#breadcrumb","itemListElement":[{"@type":"ListItem","position":1,"name":"Home","item":"https:\/\/massagehammamagadir.com\/"},{"@type":"ListItem","position":2,"name":"Reservation"}]},{"@type":"WebSite","@id":"https:\/\/massagehammamagadir.com\/#website","url":"https:\/\/massagehammamagadir.com\/","name":"Argan Phyto House","description":"Massage, Hammam, Beauty","publisher":{"@id":"https:\/\/massagehammamagadir.com\/#organization"},"potentialAction":[{"@type":"SearchAction","target":{"@type":"EntryPoint","urlTemplate":"https:\/\/massagehammamagadir.com\/?s={search_term_string}"},"query-input":{"@type":"PropertyValueSpecification","valueRequired":true,"valueName":"search_term_string"}}],"inLanguage":"en-US"},{"@type":"Organization","@id":"https:\/\/massagehammamagadir.com\/#organization","name":"Argan Phyto House","url":"https:\/\/massagehammamagadir.com\/","logo":{"@type":"ImageObject","inLanguage":"en-US","@id":"https:\/\/massagehammamagadir.com\/#\/schema\/logo\/image\/","url":"https:\/\/massagehammamagadir.com\/wp-content\/uploads\/2023\/06\/logo-text.png","contentUrl":"https:\/\/massagehammamagadir.com\/wp-content\/uploads\/2023\/06\/logo-text.png","width":191,"height":119,"caption":"Argan Phyto House"},"image":{"@id":"https:\/\/massagehammamagadir.com\/#\/schema\/logo\/image\/"},"sameAs":["https:\/\/m.facebook.com\/p\/Argan-Phyto-House-100063697624607","https:\/\/www.instagram.com\/arganphytohouse\/","https:\/\/www.youtube.com\/watch?v=UBJHpLtJcho"]}]}},"_links":{"self":[{"href":"https:\/\/massagehammamagadir.com\/en\/wp-json\/wp\/v2\/pages\/1485","targetHints":{"allow":["GET"]}}],"collection":[{"href":"https:\/\/massagehammamagadir.com\/en\/wp-json\/wp\/v2\/pages"}],"about":[{"href":"https:\/\/massagehammamagadir.com\/en\/wp-json\/wp\/v2\/types\/page"}],"author":[{"embeddable":true,"href":"https:\/\/massagehammamagadir.com\/en\/wp-json\/wp\/v2\/users\/1"}],"replies":[{"embeddable":true,"href":"https:\/\/massagehammamagadir.com\/en\/wp-json\/wp\/v2\/comments?post=1485"}],"version-history":[{"count":14,"href":"https:\/\/massagehammamagadir.com\/en\/wp-json\/wp\/v2\/pages\/1485\/revisions"}],"predecessor-version":[{"id":1622,"href":"https:\/\/massagehammamagadir.com\/en\/wp-json\/wp\/v2\/pages\/1485\/revisions\/1622"}],"wp:attachment":[{"href":"https:\/\/massagehammamagadir.com\/en\/wp-json\/wp\/v2\/media?parent=1485"}],"curies":[{"name":"wp","href":"https:\/\/api.w.org\/{rel}","templated":true}]}}