{"id":3,"date":"2023-06-23T17:24:31","date_gmt":"2023-06-23T15:24:31","guid":{"rendered":"https:\/\/massagehammamagadir.com\/?page_id=3"},"modified":"2023-12-19T11:45:15","modified_gmt":"2023-12-19T10:45:15","slug":"politique-de-confidentialite","status":"publish","type":"page","link":"https:\/\/massagehammamagadir.com\/en\/politique-de-confidentialite\/","title":{"rendered":"Privacy Policy"},"content":{"rendered":"<div data-elementor-type=\"wp-page\" data-elementor-id=\"3\" class=\"elementor elementor-3\">\n\t\t\t\t\t\t<section class=\"elementor-section elementor-top-section elementor-element elementor-element-ee14297 elementor-section-boxed elementor-section-height-default elementor-section-height-default\" data-id=\"ee14297\" data-element_type=\"section\" data-e-type=\"section\">\n\t\t\t\t\t\t<div class=\"elementor-container elementor-column-gap-default\">\n\t\t\t\t\t<div class=\"elementor-column elementor-col-100 elementor-top-column elementor-element elementor-element-00fbdb0\" data-id=\"00fbdb0\" data-element_type=\"column\" data-e-type=\"column\">\n\t\t\t<div class=\"elementor-widget-wrap elementor-element-populated\">\n\t\t\t\t\t\t<div class=\"elementor-element elementor-element-59b926e elementor-widget elementor-widget-heading\" data-id=\"59b926e\" data-element_type=\"widget\" data-e-type=\"widget\" data-widget_type=\"heading.default\">\n\t\t\t\t<div class=\"elementor-widget-container\">\n\t\t\t\t\t<h1 class=\"elementor-heading-title elementor-size-default\">Privacy Policy<\/h1>\t\t\t\t<\/div>\n\t\t\t\t<\/div>\n\t\t\t\t\t<\/div>\n\t\t<\/div>\n\t\t\t\t\t<\/div>\n\t\t<\/section>\n\t\t\t\t<section class=\"elementor-section elementor-top-section elementor-element elementor-element-0fc8ffb elementor-section-boxed elementor-section-height-default elementor-section-height-default\" data-id=\"0fc8ffb\" data-element_type=\"section\" data-e-type=\"section\">\n\t\t\t\t\t\t<div class=\"elementor-container elementor-column-gap-default\">\n\t\t\t\t\t<div class=\"elementor-column elementor-col-100 elementor-top-column elementor-element elementor-element-5842281\" data-id=\"5842281\" data-element_type=\"column\" data-e-type=\"column\">\n\t\t\t<div class=\"elementor-widget-wrap elementor-element-populated\">\n\t\t\t\t\t\t<div class=\"elementor-element elementor-element-4aa63f5 elementor-widget elementor-widget-heading\" data-id=\"4aa63f5\" data-element_type=\"widget\" data-e-type=\"widget\" data-widget_type=\"heading.default\">\n\t\t\t\t<div class=\"elementor-widget-container\">\n\t\t\t\t\t<h2 class=\"elementor-heading-title elementor-size-default\">1. Introduction<\/h2>\t\t\t\t<\/div>\n\t\t\t\t<\/div>\n\t\t\t\t<div class=\"elementor-element elementor-element-dba5f57 normal-texte elementor-widget elementor-widget-text-editor\" data-id=\"dba5f57\" data-element_type=\"widget\" data-e-type=\"widget\" data-widget_type=\"text-editor.default\">\n\t\t\t\t<div class=\"elementor-widget-container\">\n\t\t\t\t\t\t\t\t\tBienvenue sur https:\/\/arganphytohouse.com\/, un site web d\u00e9di\u00e9 \u00e0 notre centre SPA.\nCette politique de confidentialit\u00e9 vise \u00e0 vous informer sur la mani\u00e8re dont nous\ncollectons, utilisons, divulguons et prot\u00e9geons les informations personnelles que\nvous nous fournissez lors de l&#8217;utilisation de notre Site.\t\t\t\t\t\t\t\t<\/div>\n\t\t\t\t<\/div>\n\t\t\t\t\t<\/div>\n\t\t<\/div>\n\t\t\t\t\t<\/div>\n\t\t<\/section>\n\t\t\t\t<section class=\"elementor-section elementor-top-section elementor-element elementor-element-1a7b9f2 elementor-section-boxed elementor-section-height-default elementor-section-height-default\" data-id=\"1a7b9f2\" data-element_type=\"section\" data-e-type=\"section\">\n\t\t\t\t\t\t<div class=\"elementor-container elementor-column-gap-default\">\n\t\t\t\t\t<div class=\"elementor-column elementor-col-100 elementor-top-column elementor-element elementor-element-91dc89b\" data-id=\"91dc89b\" data-element_type=\"column\" data-e-type=\"column\">\n\t\t\t<div class=\"elementor-widget-wrap elementor-element-populated\">\n\t\t\t\t\t\t<div class=\"elementor-element elementor-element-dc9b46a elementor-widget elementor-widget-heading\" data-id=\"dc9b46a\" data-element_type=\"widget\" data-e-type=\"widget\" data-widget_type=\"heading.default\">\n\t\t\t\t<div class=\"elementor-widget-container\">\n\t\t\t\t\t<h2 class=\"elementor-heading-title elementor-size-default\">2. Information Collection<\/h2>\t\t\t\t<\/div>\n\t\t\t\t<\/div>\n\t\t\t\t<div class=\"elementor-element elementor-element-cc08070 normal-texte elementor-widget elementor-widget-text-editor\" data-id=\"cc08070\" data-element_type=\"widget\" data-e-type=\"widget\" data-widget_type=\"text-editor.default\">\n\t\t\t\t<div class=\"elementor-widget-container translation-block\">We collect information when you:<br>\n\u25cf Visit our Site,<br>\n\u25cf Make a booking,<\/div>\n\t\t\t\t<\/div>\n\t\t\t\t\t<\/div>\n\t\t<\/div>\n\t\t\t\t\t<\/div>\n\t\t<\/section>\n\t\t\t\t<section class=\"elementor-section elementor-top-section elementor-element elementor-element-195af06 elementor-section-boxed elementor-section-height-default elementor-section-height-default\" data-id=\"195af06\" data-element_type=\"section\" data-e-type=\"section\">\n\t\t\t\t\t\t<div class=\"elementor-container elementor-column-gap-default\">\n\t\t\t\t\t<div class=\"elementor-column elementor-col-100 elementor-top-column elementor-element elementor-element-9ca384c\" data-id=\"9ca384c\" data-element_type=\"column\" data-e-type=\"column\">\n\t\t\t<div class=\"elementor-widget-wrap elementor-element-populated\">\n\t\t\t\t\t\t<div class=\"elementor-element elementor-element-0205310 elementor-widget elementor-widget-heading\" data-id=\"0205310\" data-element_type=\"widget\" data-e-type=\"widget\" data-widget_type=\"heading.default\">\n\t\t\t\t<div class=\"elementor-widget-container\">\n\t\t\t\t\t<h2 class=\"elementor-heading-title elementor-size-default\">3. Contact our customer service.<\/h2>\t\t\t\t<\/div>\n\t\t\t\t<\/div>\n\t\t\t\t<div class=\"elementor-element elementor-element-745f31d normal-texte elementor-widget elementor-widget-text-editor\" data-id=\"745f31d\" data-element_type=\"widget\" data-e-type=\"widget\" data-widget_type=\"text-editor.default\">\n\t\t\t\t<div class=\"elementor-widget-container translation-block\">The types of information we may collect include your name, email address,\nphone number, and any other information you choose to provide us.<\/div>\n\t\t\t\t<\/div>\n\t\t\t\t\t<\/div>\n\t\t<\/div>\n\t\t\t\t\t<\/div>\n\t\t<\/section>\n\t\t\t\t<section class=\"elementor-section elementor-top-section elementor-element elementor-element-1b46915 elementor-section-boxed elementor-section-height-default elementor-section-height-default\" data-id=\"1b46915\" data-element_type=\"section\" data-e-type=\"section\">\n\t\t\t\t\t\t<div class=\"elementor-container elementor-column-gap-default\">\n\t\t\t\t\t<div class=\"elementor-column elementor-col-100 elementor-top-column elementor-element elementor-element-2db7e7e\" data-id=\"2db7e7e\" data-element_type=\"column\" data-e-type=\"column\">\n\t\t\t<div class=\"elementor-widget-wrap elementor-element-populated\">\n\t\t\t\t\t\t<div class=\"elementor-element elementor-element-684380b elementor-widget elementor-widget-heading\" data-id=\"684380b\" data-element_type=\"widget\" data-e-type=\"widget\" data-widget_type=\"heading.default\">\n\t\t\t\t<div class=\"elementor-widget-container\">\n\t\t\t\t\t<h2 class=\"elementor-heading-title elementor-size-default\">4. Use of Information<\/h2>\t\t\t\t<\/div>\n\t\t\t\t<\/div>\n\t\t\t\t<div class=\"elementor-element elementor-element-0310c48 normal-texte elementor-widget elementor-widget-text-editor\" data-id=\"0310c48\" data-element_type=\"widget\" data-e-type=\"widget\" data-widget_type=\"text-editor.default\">\n\t\t\t\t<div class=\"elementor-widget-container\">\n\t\t\t\t\t\t\t\t\tNous prenons la confidentialit\u00e9 de vos informations personnelles tr\u00e8s au s\u00e9rieux.\nDes mesures de s\u00e9curit\u00e9 appropri\u00e9es sont mises en place pour prot\u00e9ger contre la\nperte, l&#8217;abus ou l&#8217;alt\u00e9ration des informations que nous collectons.\t\t\t\t\t\t\t\t<\/div>\n\t\t\t\t<\/div>\n\t\t\t\t\t<\/div>\n\t\t<\/div>\n\t\t\t\t\t<\/div>\n\t\t<\/section>\n\t\t\t\t<section class=\"elementor-section elementor-top-section elementor-element elementor-element-1d56d1d elementor-section-boxed elementor-section-height-default elementor-section-height-default\" data-id=\"1d56d1d\" data-element_type=\"section\" data-e-type=\"section\">\n\t\t\t\t\t\t<div class=\"elementor-container elementor-column-gap-default\">\n\t\t\t\t\t<div class=\"elementor-column elementor-col-100 elementor-top-column elementor-element elementor-element-7272393\" data-id=\"7272393\" data-element_type=\"column\" data-e-type=\"column\">\n\t\t\t<div class=\"elementor-widget-wrap elementor-element-populated\">\n\t\t\t\t\t\t<div class=\"elementor-element elementor-element-9cb171e elementor-widget elementor-widget-heading\" data-id=\"9cb171e\" data-element_type=\"widget\" data-e-type=\"widget\" data-widget_type=\"heading.default\">\n\t\t\t\t<div class=\"elementor-widget-container\">\n\t\t\t\t\t<h2 class=\"elementor-heading-title elementor-size-default\">5. Confidentiality and Security<\/h2>\t\t\t\t<\/div>\n\t\t\t\t<\/div>\n\t\t\t\t<div class=\"elementor-element elementor-element-3cdbe5a normal-texte elementor-widget elementor-widget-text-editor\" data-id=\"3cdbe5a\" data-element_type=\"widget\" data-e-type=\"widget\" data-widget_type=\"text-editor.default\">\n\t\t\t\t<div class=\"elementor-widget-container\">\n\t\t\t\t\t\t\t\t\tNous ne vendons, n&#8217;\u00e9changeons ni ne transf\u00e9rons vos informations personnelles \u00e0\ndes tiers. Cette disposition ne comprend pas les tiers de confiance qui nous aident \u00e0\nexploiter notre Site, conduire nos affaires, ou vous servir, tant que ces parties\nconviennent de garder ces informations confidentielles.\t\t\t\t\t\t\t\t<\/div>\n\t\t\t\t<\/div>\n\t\t\t\t\t<\/div>\n\t\t<\/div>\n\t\t\t\t\t<\/div>\n\t\t<\/section>\n\t\t\t\t<section class=\"elementor-section elementor-top-section elementor-element elementor-element-b5cc5f8 elementor-section-boxed elementor-section-height-default elementor-section-height-default\" data-id=\"b5cc5f8\" data-element_type=\"section\" data-e-type=\"section\">\n\t\t\t\t\t\t<div class=\"elementor-container elementor-column-gap-default\">\n\t\t\t\t\t<div class=\"elementor-column elementor-col-100 elementor-top-column elementor-element elementor-element-52e871b\" data-id=\"52e871b\" data-element_type=\"column\" data-e-type=\"column\">\n\t\t\t<div class=\"elementor-widget-wrap elementor-element-populated\">\n\t\t\t\t\t\t<div class=\"elementor-element elementor-element-534e2d6 elementor-widget elementor-widget-heading\" data-id=\"534e2d6\" data-element_type=\"widget\" data-e-type=\"widget\" data-widget_type=\"heading.default\">\n\t\t\t\t<div class=\"elementor-widget-container\">\n\t\t\t\t\t<h2 class=\"elementor-heading-title elementor-size-default\">6. Information Sharing<\/h2>\t\t\t\t<\/div>\n\t\t\t\t<\/div>\n\t\t\t\t<div class=\"elementor-element elementor-element-da0a99b normal-texte elementor-widget elementor-widget-text-editor\" data-id=\"da0a99b\" data-element_type=\"widget\" data-e-type=\"widget\" data-widget_type=\"text-editor.default\">\n\t\t\t\t<div class=\"elementor-widget-container\">\n\t\t\t\t\t\t\t\t\tConform\u00e9ment \u00e0 la l\u00e9gislation en vigueur, vous avez le droit d&#8217;acc\u00e9der, de modifier,\nde supprimer vos donn\u00e9es personnelles ou de vous opposer \u00e0 leur traitement. \t\t\t\t\t\t\t\t<\/div>\n\t\t\t\t<\/div>\n\t\t\t\t\t<\/div>\n\t\t<\/div>\n\t\t\t\t\t<\/div>\n\t\t<\/section>\n\t\t\t\t<section class=\"elementor-section elementor-top-section elementor-element elementor-element-511fb2d elementor-section-boxed elementor-section-height-default elementor-section-height-default\" data-id=\"511fb2d\" data-element_type=\"section\" data-e-type=\"section\">\n\t\t\t\t\t\t<div class=\"elementor-container elementor-column-gap-default\">\n\t\t\t\t\t<div class=\"elementor-column elementor-col-100 elementor-top-column elementor-element elementor-element-a628142\" data-id=\"a628142\" data-element_type=\"column\" data-e-type=\"column\">\n\t\t\t<div class=\"elementor-widget-wrap elementor-element-populated\">\n\t\t\t\t\t\t<div class=\"elementor-element elementor-element-486d057 elementor-widget elementor-widget-heading\" data-id=\"486d057\" data-element_type=\"widget\" data-e-type=\"widget\" data-widget_type=\"heading.default\">\n\t\t\t\t<div class=\"elementor-widget-container\">\n\t\t\t\t\t<h2 class=\"elementor-heading-title elementor-size-default\">7. User Rights<\/h2>\t\t\t\t<\/div>\n\t\t\t\t<\/div>\n\t\t\t\t<div class=\"elementor-element elementor-element-c525fc5 normal-texte elementor-widget elementor-widget-text-editor\" data-id=\"c525fc5\" data-element_type=\"widget\" data-e-type=\"widget\" data-widget_type=\"text-editor.default\">\n\t\t\t\t<div class=\"elementor-widget-container\">\n\t\t\t\t\t\t\t\t\tIn accordance with current legislation, you have the right to access, modify,\ndelete your personal data or object to its processing.\t\t\t\t\t\t\t\t<\/div>\n\t\t\t\t<\/div>\n\t\t\t\t\t<\/div>\n\t\t<\/div>\n\t\t\t\t\t<\/div>\n\t\t<\/section>\n\t\t\t\t<section class=\"elementor-section elementor-top-section elementor-element elementor-element-2d09bfa elementor-section-boxed elementor-section-height-default elementor-section-height-default\" data-id=\"2d09bfa\" data-element_type=\"section\" data-e-type=\"section\">\n\t\t\t\t\t\t<div class=\"elementor-container elementor-column-gap-default\">\n\t\t\t\t\t<div class=\"elementor-column elementor-col-100 elementor-top-column elementor-element elementor-element-bed5a95\" data-id=\"bed5a95\" data-element_type=\"column\" data-e-type=\"column\">\n\t\t\t<div class=\"elementor-widget-wrap elementor-element-populated\">\n\t\t\t\t\t\t<div class=\"elementor-element elementor-element-db77869 elementor-widget elementor-widget-heading\" data-id=\"db77869\" data-element_type=\"widget\" data-e-type=\"widget\" data-widget_type=\"heading.default\">\n\t\t\t\t<div class=\"elementor-widget-container\">\n\t\t\t\t\t<h2 class=\"elementor-heading-title elementor-size-default\">8. Policy Changes<\/h2>\t\t\t\t<\/div>\n\t\t\t\t<\/div>\n\t\t\t\t<div class=\"elementor-element elementor-element-e1540d0 normal-texte elementor-widget elementor-widget-text-editor\" data-id=\"e1540d0\" data-element_type=\"widget\" data-e-type=\"widget\" data-widget_type=\"text-editor.default\">\n\t\t\t\t<div class=\"elementor-widget-container\">\n\t\t\t\t\t\t\t\t\tWe may update this privacy policy from time to time. We will notify you of any\nchanges by posting the new policy on our Site.<br><br>\n<div class=\"elementor-column elementor-col-100 elementor-top-column elementor-element elementor-element-bed5a95\" data-id=\"bed5a95\" data-element_type=\"column\">\n\t\t\t<div class=\"elementor-widget-wrap elementor-element-populated\">\n\t\t\t\t\t\t\t\t<div class=\"elementor-element elementor-element-db77869 elementor-widget elementor-widget-heading\" data-id=\"db77869\" data-element_type=\"widget\" data-widget_type=\"heading.default\">\n\t\t\t\t<div class=\"elementor-widget-container\">\n\t\t\t<h2 class=\"elementor-heading-title elementor-size-default\">9. Contact<\/h2>\t\t<\/div>\n\t\t\t\t<\/div>\n\t\t\t\t<div class=\"elementor-element elementor-element-e1540d0 normal-texte elementor-widget elementor-widget-text-editor\" data-id=\"e1540d0\" data-element_type=\"widget\" data-widget_type=\"text-editor.default\">\n\t\t\t\t<div class=\"elementor-widget-container\">\n\t\t\t\t\t\t\tFor any questions regarding this privacy policy, please contact us at\ncontact@arganphytohouse.com.\t\t\t\t\t<\/div>\n\t\t\t\t<\/div>\n\t\t\t\t\t<\/div>\n\t\t<\/div>\t\t\t\t\t\t\t\t<\/div>\n\t\t\t\t<\/div>\n\t\t\t\t\t<\/div>\n\t\t<\/div>\n\t\t\t\t\t<\/div>\n\t\t<\/section>\n\t\t\t\t<\/div>","protected":false},"excerpt":{"rendered":"<p>Politique de Confidentialit\u00e9 1. Introduction Bienvenue sur https:\/\/arganphytohouse.com\/, un site web d\u00e9di\u00e9 \u00e0 notre centre SPA. Cette politique de confidentialit\u00e9 vise \u00e0 vous informer sur la mani\u00e8re dont nous collectons, utilisons, divulguons et prot\u00e9geons les informations personnelles que vous nous fournissez lors de l&#8217;utilisation de notre Site. 2. Collecte des Informations Nous recueillons des informations&#8230;<\/p>","protected":false},"author":1,"featured_media":0,"parent":0,"menu_order":0,"comment_status":"closed","ping_status":"closed","template":"elementor_header_footer","meta":{"_acf_changed":false,"_kad_post_transparent":"","_kad_post_title":"","_kad_post_layout":"","_kad_post_sidebar_id":"","_kad_post_content_style":"","_kad_post_vertical_padding":"","_kad_post_feature":"","_kad_post_feature_position":"","_kad_post_header":false,"_kad_post_footer":false,"footnotes":""},"class_list":["post-3","page","type-page","status-publish","hentry"],"acf":[],"yoast_head":"<!-- This site is optimized with the Yoast SEO plugin v27.5 - https:\/\/yoast.com\/product\/yoast-seo-wordpress\/ -->\n<title>Politique de confidentialit\u00e9 - Argan Phyto House Agadir : Massages Hammam pour H &amp; F \u00e0 Prix Imbattables<\/title>\n<meta name=\"robots\" content=\"index, follow, max-snippet:-1, max-image-preview:large, max-video-preview:-1\" \/>\n<link rel=\"canonical\" href=\"https:\/\/massagehammamagadir.com\/en\/?page_id=3\" \/>\n<meta property=\"og:locale\" content=\"en_US\" \/>\n<meta property=\"og:type\" content=\"article\" \/>\n<meta property=\"og:title\" content=\"Politique de confidentialit\u00e9 - Argan Phyto House Agadir : Massages Hammam pour H &amp; F \u00e0 Prix Imbattables\" \/>\n<meta property=\"og:description\" content=\"Politique de Confidentialit\u00e9 1. Introduction Bienvenue sur https:\/\/arganphytohouse.com\/, un site web d\u00e9di\u00e9 \u00e0 notre centre SPA. Cette politique de confidentialit\u00e9 vise \u00e0 vous informer sur la mani\u00e8re dont nous collectons, utilisons, divulguons et prot\u00e9geons les informations personnelles que vous nous fournissez lors de l&#8217;utilisation de notre Site. 2. Collecte des Informations Nous recueillons des informations...\" \/>\n<meta property=\"og:url\" content=\"https:\/\/massagehammamagadir.com\/en\/?page_id=3\" \/>\n<meta property=\"og:site_name\" content=\"Argan Phyto House Agadir : Massages Hammam pour H &amp; F \u00e0 Prix Imbattables\" \/>\n<meta property=\"article:publisher\" content=\"https:\/\/m.facebook.com\/p\/Argan-Phyto-House-100063697624607\" \/>\n<meta property=\"article:modified_time\" content=\"2023-12-19T10:45:15+00:00\" \/>\n<meta property=\"og:image\" content=\"https:\/\/massagehammamagadir.com\/wp-content\/uploads\/2023\/11\/APH-Minitature.png\" \/>\n\t<meta property=\"og:image:width\" content=\"600\" \/>\n\t<meta property=\"og:image:height\" content=\"338\" \/>\n\t<meta property=\"og:image:type\" content=\"image\/png\" \/>\n<meta name=\"twitter:card\" content=\"summary_large_image\" \/>\n<meta name=\"twitter:label1\" content=\"Est. reading time\" \/>\n\t<meta name=\"twitter:data1\" content=\"1 minute\" \/>\n<script type=\"application\/ld+json\" class=\"yoast-schema-graph\">{\"@context\":\"https:\\\/\\\/schema.org\",\"@graph\":[{\"@type\":\"WebPage\",\"@id\":\"https:\\\/\\\/massagehammamagadir.com\\\/?page_id=3\",\"url\":\"https:\\\/\\\/massagehammamagadir.com\\\/?page_id=3\",\"name\":\"Politique de confidentialit\u00e9 - Argan Phyto House Agadir : Massages Hammam pour H &amp; F \u00e0 Prix Imbattables\",\"isPartOf\":{\"@id\":\"https:\\\/\\\/massagehammamagadir.com\\\/#website\"},\"datePublished\":\"2023-06-23T15:24:31+00:00\",\"dateModified\":\"2023-12-19T10:45:15+00:00\",\"breadcrumb\":{\"@id\":\"https:\\\/\\\/massagehammamagadir.com\\\/?page_id=3#breadcrumb\"},\"inLanguage\":\"en-US\",\"potentialAction\":[{\"@type\":\"ReadAction\",\"target\":[\"https:\\\/\\\/massagehammamagadir.com\\\/?page_id=3\"]}]},{\"@type\":\"BreadcrumbList\",\"@id\":\"https:\\\/\\\/massagehammamagadir.com\\\/?page_id=3#breadcrumb\",\"itemListElement\":[{\"@type\":\"ListItem\",\"position\":1,\"name\":\"Home\",\"item\":\"https:\\\/\\\/massagehammamagadir.com\\\/\"},{\"@type\":\"ListItem\",\"position\":2,\"name\":\"Politique de confidentialit\u00e9\"}]},{\"@type\":\"WebSite\",\"@id\":\"https:\\\/\\\/massagehammamagadir.com\\\/#website\",\"url\":\"https:\\\/\\\/massagehammamagadir.com\\\/\",\"name\":\"Argan Phyto House\",\"description\":\"Massage, Hammam, Beauty\",\"publisher\":{\"@id\":\"https:\\\/\\\/massagehammamagadir.com\\\/#organization\"},\"potentialAction\":[{\"@type\":\"SearchAction\",\"target\":{\"@type\":\"EntryPoint\",\"urlTemplate\":\"https:\\\/\\\/massagehammamagadir.com\\\/?s={search_term_string}\"},\"query-input\":{\"@type\":\"PropertyValueSpecification\",\"valueRequired\":true,\"valueName\":\"search_term_string\"}}],\"inLanguage\":\"en-US\"},{\"@type\":\"Organization\",\"@id\":\"https:\\\/\\\/massagehammamagadir.com\\\/#organization\",\"name\":\"Argan Phyto House\",\"url\":\"https:\\\/\\\/massagehammamagadir.com\\\/\",\"logo\":{\"@type\":\"ImageObject\",\"inLanguage\":\"en-US\",\"@id\":\"https:\\\/\\\/massagehammamagadir.com\\\/#\\\/schema\\\/logo\\\/image\\\/\",\"url\":\"https:\\\/\\\/massagehammamagadir.com\\\/wp-content\\\/uploads\\\/2023\\\/06\\\/logo-text.png\",\"contentUrl\":\"https:\\\/\\\/massagehammamagadir.com\\\/wp-content\\\/uploads\\\/2023\\\/06\\\/logo-text.png\",\"width\":191,\"height\":119,\"caption\":\"Argan Phyto House\"},\"image\":{\"@id\":\"https:\\\/\\\/massagehammamagadir.com\\\/#\\\/schema\\\/logo\\\/image\\\/\"},\"sameAs\":[\"https:\\\/\\\/m.facebook.com\\\/p\\\/Argan-Phyto-House-100063697624607\",\"https:\\\/\\\/www.instagram.com\\\/arganphytohouse\\\/\",\"https:\\\/\\\/www.youtube.com\\\/watch?v=UBJHpLtJcho\"]}]}<\/script>\n<!-- \/ Yoast SEO plugin. -->","yoast_head_json":{"title":"Politique de confidentialit\u00e9 - Argan Phyto House Agadir : Massages Hammam pour H &amp; F \u00e0 Prix Imbattables","robots":{"index":"index","follow":"follow","max-snippet":"max-snippet:-1","max-image-preview":"max-image-preview:large","max-video-preview":"max-video-preview:-1"},"canonical":"https:\/\/massagehammamagadir.com\/en\/?page_id=3","og_locale":"en_US","og_type":"article","og_title":"Politique de confidentialit\u00e9 - Argan Phyto House Agadir : Massages Hammam pour H &amp; F \u00e0 Prix Imbattables","og_description":"Politique de Confidentialit\u00e9 1. Introduction Bienvenue sur https:\/\/arganphytohouse.com\/, un site web d\u00e9di\u00e9 \u00e0 notre centre SPA. Cette politique de confidentialit\u00e9 vise \u00e0 vous informer sur la mani\u00e8re dont nous collectons, utilisons, divulguons et prot\u00e9geons les informations personnelles que vous nous fournissez lors de l&#8217;utilisation de notre Site. 2. Collecte des Informations Nous recueillons des informations...","og_url":"https:\/\/massagehammamagadir.com\/en\/?page_id=3","og_site_name":"Argan Phyto House Agadir : Massages Hammam pour H &amp; F \u00e0 Prix Imbattables","article_publisher":"https:\/\/m.facebook.com\/p\/Argan-Phyto-House-100063697624607","article_modified_time":"2023-12-19T10:45:15+00:00","og_image":[{"width":600,"height":338,"url":"https:\/\/massagehammamagadir.com\/wp-content\/uploads\/2023\/11\/APH-Minitature.png","type":"image\/png"}],"twitter_card":"summary_large_image","twitter_misc":{"Est. reading time":"1 minute"},"schema":{"@context":"https:\/\/schema.org","@graph":[{"@type":"WebPage","@id":"https:\/\/massagehammamagadir.com\/?page_id=3","url":"https:\/\/massagehammamagadir.com\/?page_id=3","name":"Politique de confidentialit\u00e9 - Argan Phyto House Agadir : Massages Hammam pour H &amp; F \u00e0 Prix Imbattables","isPartOf":{"@id":"https:\/\/massagehammamagadir.com\/#website"},"datePublished":"2023-06-23T15:24:31+00:00","dateModified":"2023-12-19T10:45:15+00:00","breadcrumb":{"@id":"https:\/\/massagehammamagadir.com\/?page_id=3#breadcrumb"},"inLanguage":"en-US","potentialAction":[{"@type":"ReadAction","target":["https:\/\/massagehammamagadir.com\/?page_id=3"]}]},{"@type":"BreadcrumbList","@id":"https:\/\/massagehammamagadir.com\/?page_id=3#breadcrumb","itemListElement":[{"@type":"ListItem","position":1,"name":"Home","item":"https:\/\/massagehammamagadir.com\/"},{"@type":"ListItem","position":2,"name":"Politique de confidentialit\u00e9"}]},{"@type":"WebSite","@id":"https:\/\/massagehammamagadir.com\/#website","url":"https:\/\/massagehammamagadir.com\/","name":"Argan Phyto House","description":"Massage, Hammam, Beauty","publisher":{"@id":"https:\/\/massagehammamagadir.com\/#organization"},"potentialAction":[{"@type":"SearchAction","target":{"@type":"EntryPoint","urlTemplate":"https:\/\/massagehammamagadir.com\/?s={search_term_string}"},"query-input":{"@type":"PropertyValueSpecification","valueRequired":true,"valueName":"search_term_string"}}],"inLanguage":"en-US"},{"@type":"Organization","@id":"https:\/\/massagehammamagadir.com\/#organization","name":"Argan Phyto House","url":"https:\/\/massagehammamagadir.com\/","logo":{"@type":"ImageObject","inLanguage":"en-US","@id":"https:\/\/massagehammamagadir.com\/#\/schema\/logo\/image\/","url":"https:\/\/massagehammamagadir.com\/wp-content\/uploads\/2023\/06\/logo-text.png","contentUrl":"https:\/\/massagehammamagadir.com\/wp-content\/uploads\/2023\/06\/logo-text.png","width":191,"height":119,"caption":"Argan Phyto House"},"image":{"@id":"https:\/\/massagehammamagadir.com\/#\/schema\/logo\/image\/"},"sameAs":["https:\/\/m.facebook.com\/p\/Argan-Phyto-House-100063697624607","https:\/\/www.instagram.com\/arganphytohouse\/","https:\/\/www.youtube.com\/watch?v=UBJHpLtJcho"]}]}},"_links":{"self":[{"href":"https:\/\/massagehammamagadir.com\/en\/wp-json\/wp\/v2\/pages\/3","targetHints":{"allow":["GET"]}}],"collection":[{"href":"https:\/\/massagehammamagadir.com\/en\/wp-json\/wp\/v2\/pages"}],"about":[{"href":"https:\/\/massagehammamagadir.com\/en\/wp-json\/wp\/v2\/types\/page"}],"author":[{"embeddable":true,"href":"https:\/\/massagehammamagadir.com\/en\/wp-json\/wp\/v2\/users\/1"}],"replies":[{"embeddable":true,"href":"https:\/\/massagehammamagadir.com\/en\/wp-json\/wp\/v2\/comments?post=3"}],"version-history":[{"count":4,"href":"https:\/\/massagehammamagadir.com\/en\/wp-json\/wp\/v2\/pages\/3\/revisions"}],"predecessor-version":[{"id":1388,"href":"https:\/\/massagehammamagadir.com\/en\/wp-json\/wp\/v2\/pages\/3\/revisions\/1388"}],"wp:attachment":[{"href":"https:\/\/massagehammamagadir.com\/en\/wp-json\/wp\/v2\/media?parent=3"}],"curies":[{"name":"wp","href":"https:\/\/api.w.org\/{rel}","templated":true}]}}